{"id":1388,"date":"2020-07-28T18:49:23","date_gmt":"2020-07-28T18:49:23","guid":{"rendered":"http:\/\/martin.buergener.de\/?page_id=1388"},"modified":"2021-08-02T13:32:33","modified_gmt":"2021-08-02T13:32:33","slug":"mein-engagement","status":"publish","type":"page","link":"http:\/\/martin.buergener.de\/startseite\/mein-engagement\/","title":{"rendered":"Mein Engagement"},"content":{"rendered":"[et_pb_section fb_built=&#8220;1&#8243; next_background_color=&#8220;#ffffff&#8220; _builder_version=&#8220;4.9.4&#8243; _module_preset=&#8220;default&#8220; background_color=&#8220;rgba(89,89,89,0)&#8220; use_background_color_gradient=&#8220;on&#8220; background_color_gradient_start=&#8220;#969696&#8243; background_image=&#8220;http:\/\/martin.buergener.de\/wp-content\/uploads\/2021\/08\/Lions_Maria_Frieden_Aktion_06_13.jpg&#8220; vertical_offset=&#8220;0px&#8220; custom_padding=&#8220;467px|||||&#8220; bottom_divider_style=&#8220;asymmetric2&#8243;][et_pb_row _builder_version=&#8220;4.9.4&#8243; _module_preset=&#8220;default&#8220;][et_pb_column type=&#8220;4_4&#8243; _builder_version=&#8220;4.9.4&#8243; _module_preset=&#8220;default&#8220;][et_pb_text _builder_version=&#8220;4.9.4&#8243; _module_preset=&#8220;default&#8220; header_font=&#8220;Abhaya Libre||||||||&#8220; header_text_color=&#8220;#FFFFFF&#8220; header_font_size=&#8220;100px&#8220;]<h1 style=\"text-align: center;\">Mein Engagement<\/h1>[\/et_pb_text][\/et_pb_column][\/et_pb_row][\/et_pb_section][et_pb_section fb_built=&#8220;1&#8243; admin_label=&#8220;Our Story&#8220; _builder_version=&#8220;3.22&#8243; background_color=&#8220;#ffffff&#8220; background_position=&#8220;top_left&#8220; custom_padding=&#8220;24px|0px|12px|0px||&#8220; collapsed=&#8220;off&#8220;][et_pb_row column_structure=&#8220;1_2,1_2&#8243; _builder_version=&#8220;3.25&#8243; background_size=&#8220;initial&#8220; background_position=&#8220;top_left&#8220; background_repeat=&#8220;repeat&#8220; custom_margin=&#8220;|||&#8220; custom_padding=&#8220;|||&#8220;][et_pb_column type=&#8220;1_2&#8243; _builder_version=&#8220;3.25&#8243; background_position=&#8220;top_left&#8220; custom_padding=&#8220;|||&#8220; custom_padding__hover=&#8220;|||&#8220;][et_pb_text disabled_on=&#8220;on|on|off&#8220; _builder_version=&#8220;4.9.4&#8243; text_font=&#8220;||||||||&#8220; header_font=&#8220;||||||||&#8220; header_2_font=&#8220;Playfair Display||||&#8220; header_2_font_size=&#8220;48px&#8220; header_2_line_height=&#8220;1.3em&#8220; background_size=&#8220;initial&#8220; background_position=&#8220;top_left&#8220; background_repeat=&#8220;repeat&#8220; header_font_size__hover=&#8220;30px&#8220; header_font_size__hover_enabled=&#8220;30px&#8220; header_letter_spacing__hover=&#8220;0px&#8220; header_letter_spacing__hover_enabled=&#8220;0px&#8220; header_text_shadow_style__hover=&#8220;none&#8220; header_text_shadow_style__hover_enabled=&#8220;none&#8220; header_text_shadow_color__hover=&#8220;rgba(0,0,0,0.4)&#8220; header_text_shadow_color__hover_enabled=&#8220;rgba(0,0,0,0.4)&#8220;]<h2>Mein Vorname ist Programm<\/h2>[\/et_pb_text][et_pb_text _builder_version=&#8220;4.9.4&#8243; text_font=&#8220;Montserrat||||&#8220; text_text_color=&#8220;#939393&#8243; text_font_size=&#8220;17px&#8220; text_line_height=&#8220;1.8em&#8220; header_font=&#8220;||||&#8220; background_size=&#8220;initial&#8220; background_position=&#8220;top_left&#8220; background_repeat=&#8220;repeat&#8220; max_width=&#8220;700px&#8220; animation_style=&#8220;slide&#8220; animation_direction=&#8220;top&#8220; animation_intensity_slide=&#8220;4%&#8220;]<p><span style=\"font-size: 17px;\">An St. Martin mit der Laterne durch die Stra\u00dfen zu laufen geh\u00f6rte in meiner Kindheit zu den Highlights des Jahres. Die Geschichte von St. Martin besch\u00e4ftigte mich zudem sehr und dann habe ich auch noch den gleichen Vornamen. Ist doch klar, dass auch ich ein gro\u00dfes Herz habe.<\/span><\/p>\n<p>Schon seit meiner Kindheit engagiere und helfe ich anderen Menschen. Was mit Rasenm\u00e4hen bei den Nachbarn begann hat sich in den letzten Jahren weiterentwickelt. Mein gro\u00dfes Herz traf bei Lions International, im Club Velbert-Heiligenhaus auf genau die richtigen Menschen, in der f\u00fcr mich passendsten Organisation.<\/p>\n<p><!-- \/wp:paragraph --><\/p>\n<p><!-- wp:heading --><\/p>\n<h2>Pr\u00e4sident im Lions-Jahr 2020\/2021<\/h2>\n<p><!-- \/wp:heading --><\/p>\n<p><!-- wp:paragraph --><\/p>\n<p>Seit 2013 arbeite ich nun schon aktiv im Vorstand des Clubs mit. Mein Pr\u00e4sidentenjahr war zwar gepr\u00e4gt von den Einschr\u00e4nkungen der Corona Pandemie, mit viel Kreativit\u00e4t und technischer Unterst\u00fctzung habe ich es dennoch geschafft, auf ein erfolgreiches Pr\u00e4sidentenjahr zur\u00fcckzublicken. Als Past-Pr\u00e4sident bleibt mir nun wieder mehr Zeit f\u00fcr meine \u00fcbrigen Ehren\u00e4mter &#8211; z.B. als Sachkundiger B\u00fcrger im Rat der Stadt Velbert und in den weiteren Vereinen, in denen ich mich engagiere.<\/p>\n<p><span style=\"font-size: 17px;\"><\/span><\/p>[\/et_pb_text][\/et_pb_column][et_pb_column type=&#8220;1_2&#8243; _builder_version=&#8220;3.25&#8243; background_position=&#8220;top_left&#8220; custom_padding=&#8220;|||&#8220; custom_padding__hover=&#8220;|||&#8220;][et_pb_image src=&#8220;http:\/\/martin.buergener.de\/wp-content\/uploads\/2021\/05\/Martin_Bue_Lions_Clubabend_09_20_SSVG_Stadion.jpg&#8220; title_text=&#8220;Martin_Bue_Lions_Clubabend_09_20_SSVG_Stadion&#8220; _builder_version=&#8220;4.9.4&#8243; animation_style=&#8220;slide&#8220; animation_direction=&#8220;left&#8220; animation_intensity_slide=&#8220;10%&#8220; always_center_on_mobile=&#8220;off&#8220;][\/et_pb_image][et_pb_image src=&#8220;http:\/\/martin.buergener.de\/wp-content\/uploads\/2021\/08\/Praesidentenamtsuebergabe-an-Susan-Krieger-06-2021.jpeg&#8220; title_text=&#8220;Pr\u00e4sidentenamts\u00fcbergabe an Susan Krieger 06-2021&#8243; _builder_version=&#8220;4.9.4&#8243; _module_preset=&#8220;default&#8220;][\/et_pb_image][\/et_pb_column][\/et_pb_row][\/et_pb_section]","protected":false},"excerpt":{"rendered":"<p>[et_pb_section fb_built=&#8220;1&#8243; next_background_color=&#8220;#ffffff&#8220; _builder_version=&#8220;4.9.4&#8243; _module_preset=&#8220;default&#8220; background_color=&#8220;rgba(89,89,89,0)&#8220; use_background_color_gradient=&#8220;on&#8220; background_color_gradient_start=&#8220;#969696&#8243; background_image=&#8220;http:\/\/martin.buergener.de\/wp-content\/uploads\/2021\/08\/Lions_Maria_Frieden_Aktion_06_13.jpg&#8220; vertical_offset=&#8220;0px&#8220; custom_padding=&#8220;467px|||||&#8220; bottom_divider_style=&#8220;asymmetric2&#8243;][et_pb_row _builder_version=&#8220;4.9.4&#8243; _module_preset=&#8220;default&#8220;][et_pb_column type=&#8220;4_4&#8243; _builder_version=&#8220;4.9.4&#8243; _module_preset=&#8220;default&#8220;][et_pb_text _builder_version=&#8220;4.9.4&#8243; _module_preset=&#8220;default&#8220; header_font=&#8220;Abhaya Libre||||||||&#8220; header_text_color=&#8220;#FFFFFF&#8220; header_font_size=&#8220;100px&#8220;]Mein Engagement[\/et_pb_text][\/et_pb_column][\/et_pb_row][\/et_pb_section][et_pb_section fb_built=&#8220;1&#8243; admin_label=&#8220;Our Story&#8220; _builder_version=&#8220;3.22&#8243; background_color=&#8220;#ffffff&#8220; background_position=&#8220;top_left&#8220; custom_padding=&#8220;24px|0px|12px|0px||&#8220; collapsed=&#8220;off&#8220;][et_pb_row column_structure=&#8220;1_2,1_2&#8243; _builder_version=&#8220;3.25&#8243; background_size=&#8220;initial&#8220; background_position=&#8220;top_left&#8220; background_repeat=&#8220;repeat&#8220; custom_margin=&#8220;|||&#8220; custom_padding=&#8220;|||&#8220;][et_pb_column type=&#8220;1_2&#8243; _builder_version=&#8220;3.25&#8243; background_position=&#8220;top_left&#8220; custom_padding=&#8220;|||&#8220; custom_padding__hover=&#8220;|||&#8220;][et_pb_text disabled_on=&#8220;on|on|off&#8220; _builder_version=&#8220;4.9.4&#8243; text_font=&#8220;||||||||&#8220; header_font=&#8220;||||||||&#8220; header_2_font=&#8220;Playfair Display||||&#8220; header_2_font_size=&#8220;48px&#8220; header_2_line_height=&#8220;1.3em&#8220; background_size=&#8220;initial&#8220; background_position=&#8220;top_left&#8220; background_repeat=&#8220;repeat&#8220; [&hellip;]<\/p>\n","protected":false},"author":1,"featured_media":0,"parent":0,"menu_order":0,"comment_status":"closed","ping_status":"closed","template":"","meta":{"_et_pb_use_builder":"on","_et_pb_old_content":"<!-- wp:paragraph -->\n<p>Schon seit meiner Kindheit engagiere und helfe ich anderen Menschen. Was mit Rasenm\u00e4hen bei den Nachbarn begann hat sich in den letzten Jahren weiterentwickelt. Mein gro\u00dfes Herz traf bei Lions International, im Club Velbert-Heiligenhaus auf genau die richtigen Menschen, in der f\u00fcr mich passendsten Organisation.<\/p>\n<!-- \/wp:paragraph -->\n\n<!-- wp:heading -->\n<h2>Pr\u00e4sident im Jahr 2020\/2021<\/h2>\n<!-- \/wp:heading -->\n\n<!-- wp:paragraph -->\n<p>Seit 2013 arbeite ich nun schon im Vorstand des Clubs aktiv mit und in diesem Lionsjahr darf ich Pr\u00e4sident dieses wunderbaren Clubs sein. Und das mit der besonderen Corona Herausforderung. Ich hatte mich auf eine tolle Feier bei uns Zuhause gefreut. Leider konnten wir uns nur in kleinem Rahmen treffen. Alle anderen Clubmitglieder wurden Online dazugeschaltet.<\/p>\n<!-- \/wp:paragraph -->\n\n<!-- wp:image {\"id\":1399,\"sizeSlug\":\"large\"} -->\n<figure class=\"wp-block-image size-large\"><img src=\"http:\/\/martin.buergener.de\/wp-content\/uploads\/2020\/07\/IMG_6026-922x1024.jpeg\" alt=\"\" class=\"wp-image-1399\"\/><figcaption>Meine Pr\u00e4sidentenamts\u00fcbernahme am 18.06.2020. Aufgrund der Corona Pandemie leider nur in einer kleinen Runde. Die anderen Clubmitglieder waren \"online\" dabei.<\/figcaption><\/figure>\n<!-- \/wp:image -->\n\n<!-- wp:paragraph -->\n<p>Weitere Infos zum Lions Club Velbert-Heiligenhaus findet Ihr <a href=\"\" target=\"_blank\" rel=\"noreferrer noopener\">hier:<\/a><\/p>\n<!-- \/wp:paragraph -->","_et_gb_content_width":""},"_links":{"self":[{"href":"http:\/\/martin.buergener.de\/startseite\/wp-json\/wp\/v2\/pages\/1388"}],"collection":[{"href":"http:\/\/martin.buergener.de\/startseite\/wp-json\/wp\/v2\/pages"}],"about":[{"href":"http:\/\/martin.buergener.de\/startseite\/wp-json\/wp\/v2\/types\/page"}],"author":[{"embeddable":true,"href":"http:\/\/martin.buergener.de\/startseite\/wp-json\/wp\/v2\/users\/1"}],"replies":[{"embeddable":true,"href":"http:\/\/martin.buergener.de\/startseite\/wp-json\/wp\/v2\/comments?post=1388"}],"version-history":[{"count":9,"href":"http:\/\/martin.buergener.de\/startseite\/wp-json\/wp\/v2\/pages\/1388\/revisions"}],"predecessor-version":[{"id":1950,"href":"http:\/\/martin.buergener.de\/startseite\/wp-json\/wp\/v2\/pages\/1388\/revisions\/1950"}],"wp:attachment":[{"href":"http:\/\/martin.buergener.de\/startseite\/wp-json\/wp\/v2\/media?parent=1388"}],"curies":[{"name":"wp","href":"https:\/\/api.w.org\/{rel}","templated":true}]}}