{"id":1370,"date":"2020-07-28T18:40:48","date_gmt":"2020-07-28T18:40:48","guid":{"rendered":"http:\/\/martin.buergener.de\/?page_id=1370"},"modified":"2021-08-01T15:52:59","modified_gmt":"2021-08-01T15:52:59","slug":"meine-family","status":"publish","type":"page","link":"http:\/\/martin.buergener.de\/startseite\/meine-family\/","title":{"rendered":"Meine Family"},"content":{"rendered":"[et_pb_section fb_built=&#8220;1&#8243; next_background_color=&#8220;#ffffff&#8220; _builder_version=&#8220;4.9.4&#8243; _module_preset=&#8220;default&#8220; background_color=&#8220;rgba(89,89,89,0)&#8220; use_background_color_gradient=&#8220;on&#8220; background_color_gradient_start=&#8220;#969696&#8243; background_image=&#8220;http:\/\/martin.buergener.de\/wp-content\/uploads\/2021\/08\/RaBue-Family-2019.jpeg&#8220; vertical_offset=&#8220;0px&#8220; custom_padding=&#8220;467px|||||&#8220; bottom_divider_style=&#8220;asymmetric2&#8243;][et_pb_row _builder_version=&#8220;4.9.4&#8243; _module_preset=&#8220;default&#8220;][et_pb_column type=&#8220;4_4&#8243; _builder_version=&#8220;4.9.4&#8243; _module_preset=&#8220;default&#8220;][et_pb_text _builder_version=&#8220;4.9.4&#8243; _module_preset=&#8220;default&#8220; header_font=&#8220;Abhaya Libre||||||||&#8220; header_text_color=&#8220;#FFFFFF&#8220; header_font_size=&#8220;100px&#8220; header_text_shadow_style=&#8220;preset3&#8243;]<h1 style=\"text-align: center;\">Meine Family<\/h1>[\/et_pb_text][\/et_pb_column][\/et_pb_row][\/et_pb_section][et_pb_section fb_built=&#8220;1&#8243; admin_label=&#8220;Our Story&#8220; _builder_version=&#8220;3.22&#8243; background_color=&#8220;#ffffff&#8220; background_position=&#8220;top_left&#8220; custom_padding=&#8220;24px|0px|12px|0px||&#8220; collapsed=&#8220;off&#8220;][et_pb_row column_structure=&#8220;1_2,1_2&#8243; _builder_version=&#8220;3.25&#8243; background_size=&#8220;initial&#8220; background_position=&#8220;top_left&#8220; background_repeat=&#8220;repeat&#8220; custom_margin=&#8220;|||&#8220; custom_padding=&#8220;|||&#8220;][et_pb_column type=&#8220;1_2&#8243; _builder_version=&#8220;3.25&#8243; background_position=&#8220;top_left&#8220; custom_padding=&#8220;|||&#8220; custom_padding__hover=&#8220;|||&#8220;][et_pb_text disabled_on=&#8220;on|on|off&#8220; _builder_version=&#8220;4.9.4&#8243; text_font=&#8220;||||||||&#8220; header_font=&#8220;||||||||&#8220; header_2_font=&#8220;Playfair Display||||&#8220; header_2_font_size=&#8220;48px&#8220; header_2_line_height=&#8220;1.3em&#8220; background_size=&#8220;initial&#8220; background_position=&#8220;top_left&#8220; background_repeat=&#8220;repeat&#8220; header_font_size__hover=&#8220;30px&#8220; header_font_size__hover_enabled=&#8220;30px&#8220; header_letter_spacing__hover=&#8220;0px&#8220; header_letter_spacing__hover_enabled=&#8220;0px&#8220; header_text_shadow_style__hover=&#8220;none&#8220; header_text_shadow_style__hover_enabled=&#8220;none&#8220; header_text_shadow_color__hover=&#8220;rgba(0,0,0,0.4)&#8220; header_text_shadow_color__hover_enabled=&#8220;rgba(0,0,0,0.4)&#8220;]<h2>Patchwork-Family<\/h2>[\/et_pb_text][et_pb_text _builder_version=&#8220;4.9.4&#8243; text_font=&#8220;Montserrat||||&#8220; text_text_color=&#8220;#939393&#8243; text_font_size=&#8220;17px&#8220; text_line_height=&#8220;1.8em&#8220; header_font=&#8220;||||&#8220; background_size=&#8220;initial&#8220; background_position=&#8220;top_left&#8220; background_repeat=&#8220;repeat&#8220; max_width=&#8220;700px&#8220; animation_style=&#8220;slide&#8220; animation_direction=&#8220;top&#8220; animation_intensity_slide=&#8220;4%&#8220;]<p>Tina und ich haben zwar keine gemeinsamen, leiblichen Kinder, daf\u00fcr 5 Kinder, die wir alle gleich und die sich auch alle gleich lieben.<\/p>\n<p><\/p>\n<p>Mittlerweile leben die Kinder ihr eigenes Leben.<br \/>Gemeinsame Brotzeit- oder Grillabende haben bei uns allen oberste Priorit\u00e4t. Wir genie\u00dfen es, gemeinsam Zeit zu verbringen, gemeinsam zu lachen und einfach gemeinsam das Leben zu genie\u00dfen.<\/p>[\/et_pb_text][et_pb_image src=&#8220;http:\/\/martin.buergener.de\/wp-content\/uploads\/2020\/08\/20180825-_MG_3389-Big-scaled.jpeg&#8220; _builder_version=&#8220;4.9.4&#8243; _module_preset=&#8220;default&#8220; title_text=&#8220;20180825-_MG_3389-Big&#8220; hover_enabled=&#8220;0&#8243; sticky_enabled=&#8220;0&#8243;][\/et_pb_image][\/et_pb_column][et_pb_column type=&#8220;1_2&#8243; _builder_version=&#8220;3.25&#8243; background_position=&#8220;top_left&#8220; custom_padding=&#8220;|||&#8220; custom_padding__hover=&#8220;|||&#8220;][et_pb_image src=&#8220;http:\/\/martin.buergener.de\/wp-content\/uploads\/2021\/07\/image-1.jpeg&#8220; title_text=&#8220;image&#8220; _builder_version=&#8220;4.9.4&#8243; animation_style=&#8220;slide&#8220; animation_direction=&#8220;left&#8220; animation_intensity_slide=&#8220;10%&#8220; always_center_on_mobile=&#8220;off&#8220;][\/et_pb_image][\/et_pb_column][\/et_pb_row][\/et_pb_section]","protected":false},"excerpt":{"rendered":"<p>[et_pb_section fb_built=&#8220;1&#8243; next_background_color=&#8220;#ffffff&#8220; _builder_version=&#8220;4.9.4&#8243; _module_preset=&#8220;default&#8220; background_color=&#8220;rgba(89,89,89,0)&#8220; use_background_color_gradient=&#8220;on&#8220; background_color_gradient_start=&#8220;#969696&#8243; background_image=&#8220;http:\/\/martin.buergener.de\/wp-content\/uploads\/2021\/08\/RaBue-Family-2019.jpeg&#8220; vertical_offset=&#8220;0px&#8220; custom_padding=&#8220;467px|||||&#8220; bottom_divider_style=&#8220;asymmetric2&#8243;][et_pb_row _builder_version=&#8220;4.9.4&#8243; _module_preset=&#8220;default&#8220;][et_pb_column type=&#8220;4_4&#8243; _builder_version=&#8220;4.9.4&#8243; _module_preset=&#8220;default&#8220;][et_pb_text _builder_version=&#8220;4.9.4&#8243; _module_preset=&#8220;default&#8220; header_font=&#8220;Abhaya Libre||||||||&#8220; header_text_color=&#8220;#FFFFFF&#8220; header_font_size=&#8220;100px&#8220; header_text_shadow_style=&#8220;preset3&#8243;] Meine Family [\/et_pb_text][\/et_pb_column][\/et_pb_row][\/et_pb_section][et_pb_section fb_built=&#8220;1&#8243; admin_label=&#8220;Our Story&#8220; _builder_version=&#8220;3.22&#8243; background_color=&#8220;#ffffff&#8220; background_position=&#8220;top_left&#8220; custom_padding=&#8220;24px|0px|12px|0px||&#8220; collapsed=&#8220;off&#8220;][et_pb_row column_structure=&#8220;1_2,1_2&#8243; _builder_version=&#8220;3.25&#8243; background_size=&#8220;initial&#8220; background_position=&#8220;top_left&#8220; background_repeat=&#8220;repeat&#8220; custom_margin=&#8220;|||&#8220; custom_padding=&#8220;|||&#8220;][et_pb_column type=&#8220;1_2&#8243; _builder_version=&#8220;3.25&#8243; background_position=&#8220;top_left&#8220; custom_padding=&#8220;|||&#8220; custom_padding__hover=&#8220;|||&#8220;][et_pb_text disabled_on=&#8220;on|on|off&#8220; _builder_version=&#8220;4.9.4&#8243; text_font=&#8220;||||||||&#8220; header_font=&#8220;||||||||&#8220; header_2_font=&#8220;Playfair Display||||&#8220; header_2_font_size=&#8220;48px&#8220; header_2_line_height=&#8220;1.3em&#8220; [&hellip;]<\/p>\n","protected":false},"author":1,"featured_media":0,"parent":0,"menu_order":0,"comment_status":"closed","ping_status":"closed","template":"","meta":{"_et_pb_use_builder":"on","_et_pb_old_content":"<!-- wp:paragraph -->\n<p>Tina und ich haben zwar keine gemeinsamen, leiblichen Kinder, daf\u00fcr haben wir 5 Kinder, die wir alle gleich und die sich auch alle gleich lieben.<\/p>\n<!-- \/wp:paragraph -->\n\n<!-- wp:image {\"id\":1608,\"sizeSlug\":\"large\"} -->\n<figure class=\"wp-block-image size-large\"><img src=\"http:\/\/martin.buergener.de\/wp-content\/uploads\/2020\/08\/20180825-_MG_3389-Big-1-683x1024.jpeg\" alt=\"\" class=\"wp-image-1608\"\/><\/figure>\n<!-- \/wp:image -->\n\n<!-- wp:heading -->\n<h2>Wir genie\u00dfen die gemeinsame Zeit.<\/h2>\n<!-- \/wp:heading -->\n\n<!-- wp:image {\"id\":1664,\"sizeSlug\":\"large\"} -->\n<figure class=\"wp-block-image size-large\"><img src=\"http:\/\/martin.buergener.de\/wp-content\/uploads\/2020\/08\/DSC_0768-667x1024.jpg\" alt=\"\" class=\"wp-image-1664\"\/><\/figure>\n<!-- \/wp:image -->\n\n<!-- wp:paragraph -->\n<p>Mittlerweile leben die Kinder ihr eigenes Leben. <br>Gemeinsame Brotzeit- oder Grillabende haben bei uns allen oberste Priorit\u00e4t. Wir genie\u00dfen es, gemeinsam Zeit zu verbringen, gemeinsam zu lachen und einfach gemeinsam das Leben zu genie\u00dfen.<\/p>\n<!-- \/wp:paragraph -->\n\n<!-- wp:gallery {\"ids\":[1618,1631,1625,1628,1627,1626,1624,1629,1630,1632],\"linkTo\":\"media\",\"align\":\"center\"} -->\n<figure class=\"wp-block-gallery aligncenter columns-3 is-cropped\"><ul class=\"blocks-gallery-grid\"><li class=\"blocks-gallery-item\"><figure><a href=\"http:\/\/martin.buergener.de\/wp-content\/uploads\/2020\/08\/20180825-_MG_3374-Big-1-683x1024.jpeg\"><img src=\"http:\/\/martin.buergener.de\/wp-content\/uploads\/2020\/08\/20180825-_MG_3374-Big-1-683x1024.jpeg\" alt=\"\" data-id=\"1618\" data-link=\"http:\/\/martin.buergener.de\/ueber-mich\/attachment\/20180825-_mg_3374-big-2\/\" class=\"wp-image-1618\"\/><\/a><\/figure><\/li><li class=\"blocks-gallery-item\"><figure><a href=\"http:\/\/martin.buergener.de\/wp-content\/uploads\/2020\/08\/IMG_4563.jpeg\"><img src=\"http:\/\/martin.buergener.de\/wp-content\/uploads\/2020\/08\/IMG_4563-1024x768.jpeg\" alt=\"\" data-id=\"1631\" data-full-url=\"http:\/\/martin.buergener.de\/wp-content\/uploads\/2020\/08\/IMG_4563.jpeg\" data-link=\"http:\/\/martin.buergener.de\/meine-family\/attachment\/img_4563\/\" class=\"wp-image-1631\"\/><\/a><\/figure><\/li><li class=\"blocks-gallery-item\"><figure><a href=\"http:\/\/martin.buergener.de\/wp-content\/uploads\/2020\/08\/IMG_4601.jpeg\"><img src=\"http:\/\/martin.buergener.de\/wp-content\/uploads\/2020\/08\/IMG_4601-1024x768.jpeg\" alt=\"\" data-id=\"1625\" data-full-url=\"http:\/\/martin.buergener.de\/wp-content\/uploads\/2020\/08\/IMG_4601.jpeg\" data-link=\"http:\/\/martin.buergener.de\/meine-family\/attachment\/img_4601\/\" class=\"wp-image-1625\"\/><\/a><\/figure><\/li><li class=\"blocks-gallery-item\"><figure><a href=\"http:\/\/martin.buergener.de\/wp-content\/uploads\/2020\/08\/IMG_4505.jpeg\"><img src=\"http:\/\/martin.buergener.de\/wp-content\/uploads\/2020\/08\/IMG_4505-1024x768.jpeg\" alt=\"\" data-id=\"1628\" data-full-url=\"http:\/\/martin.buergener.de\/wp-content\/uploads\/2020\/08\/IMG_4505.jpeg\" data-link=\"http:\/\/martin.buergener.de\/meine-family\/attachment\/img_4505\/\" class=\"wp-image-1628\"\/><\/a><\/figure><\/li><li class=\"blocks-gallery-item\"><figure><a href=\"http:\/\/martin.buergener.de\/wp-content\/uploads\/2020\/08\/IMG_4617.jpeg\"><img src=\"http:\/\/martin.buergener.de\/wp-content\/uploads\/2020\/08\/IMG_4617-1024x768.jpeg\" alt=\"\" data-id=\"1627\" data-full-url=\"http:\/\/martin.buergener.de\/wp-content\/uploads\/2020\/08\/IMG_4617.jpeg\" data-link=\"http:\/\/martin.buergener.de\/meine-family\/attachment\/img_4617\/\" class=\"wp-image-1627\"\/><\/a><\/figure><\/li><li class=\"blocks-gallery-item\"><figure><a href=\"http:\/\/martin.buergener.de\/wp-content\/uploads\/2020\/08\/IMG_4593.jpeg\"><img src=\"http:\/\/martin.buergener.de\/wp-content\/uploads\/2020\/08\/IMG_4593-1024x768.jpeg\" alt=\"\" data-id=\"1626\" data-full-url=\"http:\/\/martin.buergener.de\/wp-content\/uploads\/2020\/08\/IMG_4593.jpeg\" data-link=\"http:\/\/martin.buergener.de\/meine-family\/attachment\/img_4593\/\" class=\"wp-image-1626\"\/><\/a><\/figure><\/li><li class=\"blocks-gallery-item\"><figure><a href=\"http:\/\/martin.buergener.de\/wp-content\/uploads\/2020\/08\/IMG_4733.jpeg\"><img src=\"http:\/\/martin.buergener.de\/wp-content\/uploads\/2020\/08\/IMG_4733-1024x768.jpeg\" alt=\"\" data-id=\"1624\" data-full-url=\"http:\/\/martin.buergener.de\/wp-content\/uploads\/2020\/08\/IMG_4733.jpeg\" data-link=\"http:\/\/martin.buergener.de\/meine-family\/attachment\/img_4733\/\" class=\"wp-image-1624\"\/><\/a><\/figure><\/li><li class=\"blocks-gallery-item\"><figure><a href=\"http:\/\/martin.buergener.de\/wp-content\/uploads\/2020\/08\/IMG_4770.jpeg\"><img src=\"http:\/\/martin.buergener.de\/wp-content\/uploads\/2020\/08\/IMG_4770-1024x768.jpeg\" alt=\"\" data-id=\"1629\" data-full-url=\"http:\/\/martin.buergener.de\/wp-content\/uploads\/2020\/08\/IMG_4770.jpeg\" data-link=\"http:\/\/martin.buergener.de\/meine-family\/attachment\/img_4770\/\" class=\"wp-image-1629\"\/><\/a><\/figure><\/li><li class=\"blocks-gallery-item\"><figure><a href=\"http:\/\/martin.buergener.de\/wp-content\/uploads\/2020\/08\/IMG_4751.jpeg\"><img src=\"http:\/\/martin.buergener.de\/wp-content\/uploads\/2020\/08\/IMG_4751-1024x768.jpeg\" alt=\"\" data-id=\"1630\" data-full-url=\"http:\/\/martin.buergener.de\/wp-content\/uploads\/2020\/08\/IMG_4751.jpeg\" data-link=\"http:\/\/martin.buergener.de\/meine-family\/attachment\/img_4751\/\" class=\"wp-image-1630\"\/><\/a><\/figure><\/li><li class=\"blocks-gallery-item\"><figure><a href=\"http:\/\/martin.buergener.de\/wp-content\/uploads\/2020\/08\/IMG_4421.jpeg\"><img src=\"http:\/\/martin.buergener.de\/wp-content\/uploads\/2020\/08\/IMG_4421-1024x768.jpeg\" alt=\"\" data-id=\"1632\" data-full-url=\"http:\/\/martin.buergener.de\/wp-content\/uploads\/2020\/08\/IMG_4421.jpeg\" data-link=\"http:\/\/martin.buergener.de\/meine-family\/attachment\/img_4421\/\" class=\"wp-image-1632\"\/><\/a><\/figure><\/li><\/ul><\/figure>\n<!-- \/wp:gallery -->","_et_gb_content_width":""},"_links":{"self":[{"href":"http:\/\/martin.buergener.de\/startseite\/wp-json\/wp\/v2\/pages\/1370"}],"collection":[{"href":"http:\/\/martin.buergener.de\/startseite\/wp-json\/wp\/v2\/pages"}],"about":[{"href":"http:\/\/martin.buergener.de\/startseite\/wp-json\/wp\/v2\/types\/page"}],"author":[{"embeddable":true,"href":"http:\/\/martin.buergener.de\/startseite\/wp-json\/wp\/v2\/users\/1"}],"replies":[{"embeddable":true,"href":"http:\/\/martin.buergener.de\/startseite\/wp-json\/wp\/v2\/comments?post=1370"}],"version-history":[{"count":9,"href":"http:\/\/martin.buergener.de\/startseite\/wp-json\/wp\/v2\/pages\/1370\/revisions"}],"predecessor-version":[{"id":1930,"href":"http:\/\/martin.buergener.de\/startseite\/wp-json\/wp\/v2\/pages\/1370\/revisions\/1930"}],"wp:attachment":[{"href":"http:\/\/martin.buergener.de\/startseite\/wp-json\/wp\/v2\/media?parent=1370"}],"curies":[{"name":"wp","href":"https:\/\/api.w.org\/{rel}","templated":true}]}}